{"id":146,"date":"2020-05-04T13:44:43","date_gmt":"2020-05-04T11:44:43","guid":{"rendered":"http:\/\/frenchmobility.eu\/index.php\/the-french-mobility-team-francais\/"},"modified":"2023-06-30T14:00:05","modified_gmt":"2023-06-30T12:00:05","slug":"the-french-mobility-team-francais","status":"publish","type":"page","link":"https:\/\/frenchautomobility.eu\/index.php\/the-french-mobility-team-francais\/","title":{"rendered":"L&rsquo;\u00e9quipe French Automotive &#038; Mobility Network"},"content":{"rendered":"<p>Cr\u00e9\u00e9 en 2007, French Mobility repr\u00e9sente au niveau europ\u00e9en la Plateforme Automobile et Mobilit\u00e9 fran\u00e7aise (<a href=\"https:\/\/pfa-auto.fr\/\"><strong>PFA<\/strong><\/a>) ainsi que les quatre p\u00f4les de comp\u00e9titivit\u00e9 associ\u00e9s :<\/p>\n<ul>\n<li><a href=\"https:\/\/www.cara.eu\/\"><strong>CARA<\/strong><\/a> (Auvergne-Rh\u00f4ne-Alpes)<\/li>\n<li><a href=\"https:\/\/www.id4car.org\/\"><strong>ID4Mobility<\/strong><\/a> (Bretagne, Pays de la Loire, Nouvelle Aquitaine)<\/li>\n<li><a href=\"https:\/\/pole-moveo.org\/\"><strong>NextMove<\/strong><\/a> (Ile-de-France, Normandie)<\/li>\n<li><a href=\"https:\/\/www.vehiculedufutur.com\/\"><strong>P\u00f4le V\u00e9hicule du Futur<\/strong><\/a> (Bourgogne Franche-Comt\u00e9, Grand Est)<\/li>\n<\/ul>\n","protected":false},"excerpt":{"rendered":"<p>Cr\u00e9\u00e9 en 2007, French Mobility repr\u00e9sente au niveau europ\u00e9en la Plateforme Automobile et Mobilit\u00e9 fran\u00e7aise (PFA) ainsi que les quatre p\u00f4les de comp\u00e9titivit\u00e9 associ\u00e9s : CARA (Auvergne-Rh\u00f4ne-Alpes) ID4Mobility (Bretagne, Pays&hellip;<\/p>\n","protected":false},"author":5,"featured_media":0,"parent":0,"menu_order":0,"comment_status":"closed","ping_status":"closed","template":"","meta":{"_monsterinsights_skip_tracking":false,"_monsterinsights_sitenote_active":false,"_monsterinsights_sitenote_note":"","_monsterinsights_sitenote_category":0,"footnotes":""},"class_list":["post-146","page","type-page","status-publish","hentry"],"yoast_head":"<!-- This site is optimized with the Yoast SEO plugin v24.9 - https:\/\/yoast.com\/wordpress\/plugins\/seo\/ -->\n<title>L&#039;\u00e9quipe French Automotive &amp; Mobility Network - French Automotive &amp; Mobility Network<\/title>\n<meta name=\"robots\" content=\"index, follow, max-snippet:-1, max-image-preview:large, max-video-preview:-1\" \/>\n<link rel=\"canonical\" href=\"https:\/\/frenchautomobility.eu\/index.php\/the-french-mobility-team-francais\/\" \/>\n<meta property=\"og:locale\" content=\"fr_FR\" \/>\n<meta property=\"og:type\" content=\"article\" \/>\n<meta property=\"og:title\" content=\"L&#039;\u00e9quipe French Automotive &amp; Mobility Network - French Automotive &amp; Mobility Network\" \/>\n<meta property=\"og:description\" content=\"Cr\u00e9\u00e9 en 2007, French Mobility repr\u00e9sente au niveau europ\u00e9en la Plateforme Automobile et Mobilit\u00e9 fran\u00e7aise (PFA) ainsi que les quatre p\u00f4les de comp\u00e9titivit\u00e9 associ\u00e9s : CARA (Auvergne-Rh\u00f4ne-Alpes) ID4Mobility (Bretagne, Pays&hellip;\" \/>\n<meta property=\"og:url\" content=\"https:\/\/frenchautomobility.eu\/index.php\/the-french-mobility-team-francais\/\" \/>\n<meta property=\"og:site_name\" content=\"French Automotive &amp; Mobility Network\" \/>\n<meta property=\"article:modified_time\" content=\"2023-06-30T12:00:05+00:00\" \/>\n<meta name=\"twitter:card\" content=\"summary_large_image\" \/>\n<meta name=\"twitter:label1\" content=\"Dur\u00e9e de lecture estim\u00e9e\" \/>\n\t<meta name=\"twitter:data1\" content=\"1 minute\" \/>\n<script type=\"application\/ld+json\" class=\"yoast-schema-graph\">{\"@context\":\"https:\/\/schema.org\",\"@graph\":[{\"@type\":\"WebPage\",\"@id\":\"https:\/\/frenchautomobility.eu\/index.php\/the-french-mobility-team-francais\/\",\"url\":\"https:\/\/frenchautomobility.eu\/index.php\/the-french-mobility-team-francais\/\",\"name\":\"L'\u00e9quipe French Automotive & Mobility Network - French Automotive &amp; Mobility Network\",\"isPartOf\":{\"@id\":\"https:\/\/frenchautomobility.eu\/#website\"},\"datePublished\":\"2020-05-04T11:44:43+00:00\",\"dateModified\":\"2023-06-30T12:00:05+00:00\",\"breadcrumb\":{\"@id\":\"https:\/\/frenchautomobility.eu\/index.php\/the-french-mobility-team-francais\/#breadcrumb\"},\"inLanguage\":\"fr-FR\",\"potentialAction\":[{\"@type\":\"ReadAction\",\"target\":[\"https:\/\/frenchautomobility.eu\/index.php\/the-french-mobility-team-francais\/\"]}]},{\"@type\":\"BreadcrumbList\",\"@id\":\"https:\/\/frenchautomobility.eu\/index.php\/the-french-mobility-team-francais\/#breadcrumb\",\"itemListElement\":[{\"@type\":\"ListItem\",\"position\":1,\"name\":\"Accueil\",\"item\":\"http:\/\/frenchautomobility.eu\/\"},{\"@type\":\"ListItem\",\"position\":2,\"name\":\"L&rsquo;\u00e9quipe French Automotive &#038; Mobility Network\"}]},{\"@type\":\"WebSite\",\"@id\":\"https:\/\/frenchautomobility.eu\/#website\",\"url\":\"https:\/\/frenchautomobility.eu\/\",\"name\":\"FRENCH MOBILITY\",\"description\":\"\",\"publisher\":{\"@id\":\"https:\/\/frenchautomobility.eu\/#organization\"},\"potentialAction\":[{\"@type\":\"SearchAction\",\"target\":{\"@type\":\"EntryPoint\",\"urlTemplate\":\"https:\/\/frenchautomobility.eu\/?s={search_term_string}\"},\"query-input\":{\"@type\":\"PropertyValueSpecification\",\"valueRequired\":true,\"valueName\":\"search_term_string\"}}],\"inLanguage\":\"fr-FR\"},{\"@type\":\"Organization\",\"@id\":\"https:\/\/frenchautomobility.eu\/#organization\",\"name\":\"French Mobility\",\"url\":\"https:\/\/frenchautomobility.eu\/\",\"logo\":{\"@type\":\"ImageObject\",\"inLanguage\":\"fr-FR\",\"@id\":\"https:\/\/frenchautomobility.eu\/#\/schema\/logo\/image\/\",\"url\":\"http:\/\/frenchmobility.eu\/wp-content\/uploads\/2020\/04\/french-mobility-logo-twitter_V3-003.png\",\"contentUrl\":\"http:\/\/frenchmobility.eu\/wp-content\/uploads\/2020\/04\/french-mobility-logo-twitter_V3-003.png\",\"width\":500,\"height\":500,\"caption\":\"French Mobility\"},\"image\":{\"@id\":\"https:\/\/frenchautomobility.eu\/#\/schema\/logo\/image\/\"},\"sameAs\":[\"https:\/\/twitter.com\/FRMobilityEU\"]}]}<\/script>\n<!-- \/ Yoast SEO plugin. -->","yoast_head_json":{"title":"L'\u00e9quipe French Automotive & Mobility Network - French Automotive &amp; Mobility Network","robots":{"index":"index","follow":"follow","max-snippet":"max-snippet:-1","max-image-preview":"max-image-preview:large","max-video-preview":"max-video-preview:-1"},"canonical":"https:\/\/frenchautomobility.eu\/index.php\/the-french-mobility-team-francais\/","og_locale":"fr_FR","og_type":"article","og_title":"L'\u00e9quipe French Automotive & Mobility Network - French Automotive &amp; Mobility Network","og_description":"Cr\u00e9\u00e9 en 2007, French Mobility repr\u00e9sente au niveau europ\u00e9en la Plateforme Automobile et Mobilit\u00e9 fran\u00e7aise (PFA) ainsi que les quatre p\u00f4les de comp\u00e9titivit\u00e9 associ\u00e9s : CARA (Auvergne-Rh\u00f4ne-Alpes) ID4Mobility (Bretagne, Pays&hellip;","og_url":"https:\/\/frenchautomobility.eu\/index.php\/the-french-mobility-team-francais\/","og_site_name":"French Automotive &amp; Mobility Network","article_modified_time":"2023-06-30T12:00:05+00:00","twitter_card":"summary_large_image","twitter_misc":{"Dur\u00e9e de lecture estim\u00e9e":"1 minute"},"schema":{"@context":"https:\/\/schema.org","@graph":[{"@type":"WebPage","@id":"https:\/\/frenchautomobility.eu\/index.php\/the-french-mobility-team-francais\/","url":"https:\/\/frenchautomobility.eu\/index.php\/the-french-mobility-team-francais\/","name":"L'\u00e9quipe French Automotive & Mobility Network - French Automotive &amp; Mobility Network","isPartOf":{"@id":"https:\/\/frenchautomobility.eu\/#website"},"datePublished":"2020-05-04T11:44:43+00:00","dateModified":"2023-06-30T12:00:05+00:00","breadcrumb":{"@id":"https:\/\/frenchautomobility.eu\/index.php\/the-french-mobility-team-francais\/#breadcrumb"},"inLanguage":"fr-FR","potentialAction":[{"@type":"ReadAction","target":["https:\/\/frenchautomobility.eu\/index.php\/the-french-mobility-team-francais\/"]}]},{"@type":"BreadcrumbList","@id":"https:\/\/frenchautomobility.eu\/index.php\/the-french-mobility-team-francais\/#breadcrumb","itemListElement":[{"@type":"ListItem","position":1,"name":"Accueil","item":"http:\/\/frenchautomobility.eu\/"},{"@type":"ListItem","position":2,"name":"L&rsquo;\u00e9quipe French Automotive &#038; Mobility Network"}]},{"@type":"WebSite","@id":"https:\/\/frenchautomobility.eu\/#website","url":"https:\/\/frenchautomobility.eu\/","name":"FRENCH MOBILITY","description":"","publisher":{"@id":"https:\/\/frenchautomobility.eu\/#organization"},"potentialAction":[{"@type":"SearchAction","target":{"@type":"EntryPoint","urlTemplate":"https:\/\/frenchautomobility.eu\/?s={search_term_string}"},"query-input":{"@type":"PropertyValueSpecification","valueRequired":true,"valueName":"search_term_string"}}],"inLanguage":"fr-FR"},{"@type":"Organization","@id":"https:\/\/frenchautomobility.eu\/#organization","name":"French Mobility","url":"https:\/\/frenchautomobility.eu\/","logo":{"@type":"ImageObject","inLanguage":"fr-FR","@id":"https:\/\/frenchautomobility.eu\/#\/schema\/logo\/image\/","url":"http:\/\/frenchmobility.eu\/wp-content\/uploads\/2020\/04\/french-mobility-logo-twitter_V3-003.png","contentUrl":"http:\/\/frenchmobility.eu\/wp-content\/uploads\/2020\/04\/french-mobility-logo-twitter_V3-003.png","width":500,"height":500,"caption":"French Mobility"},"image":{"@id":"https:\/\/frenchautomobility.eu\/#\/schema\/logo\/image\/"},"sameAs":["https:\/\/twitter.com\/FRMobilityEU"]}]}},"_links":{"self":[{"href":"https:\/\/frenchautomobility.eu\/index.php\/wp-json\/wp\/v2\/pages\/146","targetHints":{"allow":["GET"]}}],"collection":[{"href":"https:\/\/frenchautomobility.eu\/index.php\/wp-json\/wp\/v2\/pages"}],"about":[{"href":"https:\/\/frenchautomobility.eu\/index.php\/wp-json\/wp\/v2\/types\/page"}],"author":[{"embeddable":true,"href":"https:\/\/frenchautomobility.eu\/index.php\/wp-json\/wp\/v2\/users\/5"}],"replies":[{"embeddable":true,"href":"https:\/\/frenchautomobility.eu\/index.php\/wp-json\/wp\/v2\/comments?post=146"}],"version-history":[{"count":8,"href":"https:\/\/frenchautomobility.eu\/index.php\/wp-json\/wp\/v2\/pages\/146\/revisions"}],"predecessor-version":[{"id":910,"href":"https:\/\/frenchautomobility.eu\/index.php\/wp-json\/wp\/v2\/pages\/146\/revisions\/910"}],"wp:attachment":[{"href":"https:\/\/frenchautomobility.eu\/index.php\/wp-json\/wp\/v2\/media?parent=146"}],"curies":[{"name":"wp","href":"https:\/\/api.w.org\/{rel}","templated":true}]}}