{"id":190,"date":"2020-05-06T16:59:36","date_gmt":"2020-05-06T14:59:36","guid":{"rendered":"http:\/\/frenchmobility.eu\/?page_id=190"},"modified":"2023-06-30T13:56:13","modified_gmt":"2023-06-30T11:56:13","slug":"notre-action","status":"publish","type":"page","link":"https:\/\/frenchautomobility.eu\/index.php\/notre-action\/","title":{"rendered":"Notre action"},"content":{"rendered":"\t\t<div data-elementor-type=\"wp-page\" data-elementor-id=\"190\" class=\"elementor elementor-190\">\n\t\t\t\t\t\t\t\t\t<section class=\"elementor-section elementor-top-section elementor-element elementor-element-4022ffe3 elementor-section-boxed elementor-section-height-default elementor-section-height-default\" data-id=\"4022ffe3\" data-element_type=\"section\">\n\t\t\t\t\t\t<div class=\"elementor-container elementor-column-gap-default\">\n\t\t\t\t\t<div class=\"elementor-column elementor-col-100 elementor-top-column elementor-element elementor-element-1ef26419\" data-id=\"1ef26419\" data-element_type=\"column\">\n\t\t\t<div class=\"elementor-widget-wrap elementor-element-populated\">\n\t\t\t\t\t\t\t\t<div class=\"elementor-element elementor-element-70cd3c7b elementor-widget elementor-widget-text-editor\" data-id=\"70cd3c7b\" data-element_type=\"widget\" data-widget_type=\"text-editor.default\">\n\t\t\t\t<div class=\"elementor-widget-container\">\n\t\t\t\t\t\t\t<p><strong>FAMN a d\u00e9velopp\u00e9 d&rsquo;importantes collaborations europ\u00e9ennes<\/strong> en r\u00e9alisant des projets innovants. Port\u00e9e par la vision du Green Deal &#8211; faire de l&rsquo;Europe le premier continent climatiquement neutre &#8211; notre r\u00e9seau rassemble le secteur fran\u00e7ais de l&rsquo;automobile et de la mobilit\u00e9, et travaille \u00e0 sensibiliser les acteurs europ\u00e9ens \u00e0 la transition vers une mobilit\u00e9 plus propre et mieux connect\u00e9e.<\/p><p><br><\/p>\n<p><\/p>\n<p><img loading=\"lazy\" decoding=\"async\" class=\"wp-image-48 aligncenter\" src=\"http:\/\/frenchautomobility.eu\/wp-content\/uploads\/2020\/04\/chiffres-e1640703160211.png\" alt=\"\" width=\"695\" height=\"141\" srcset=\"https:\/\/frenchautomobility.eu\/wp-content\/uploads\/2020\/04\/chiffres-e1640703160211.png 882w, https:\/\/frenchautomobility.eu\/wp-content\/uploads\/2020\/04\/chiffres-e1640703160211-300x61.png 300w, https:\/\/frenchautomobility.eu\/wp-content\/uploads\/2020\/04\/chiffres-e1640703160211-768x156.png 768w\" sizes=\"auto, (max-width: 695px) 100vw, 695px\" \/><\/p>\n<p><strong>&nbsp;<\/strong><\/p>\n<p><strong>A Bruxelles, FAMN porte sa vision :<\/strong><\/p>\n<ul>\n<li>Aupr\u00e8s de la <strong>Commission europ\u00e9enne<\/strong> (DG GROW) en tant que membre du Motor Vehicles Working Group (<em>E01295<\/em>)<\/li>\n<li>Au sein des <strong>partenariats publics-priv\u00e9s de R&amp;I<\/strong> :\n<ul>\n<li><i>2Zero<\/i> : Towards Zero emission Road Transport<\/li>\n<li><i>BATT4EU<\/i> : Towards a competitive European industrial battery value chain<\/li>\n<li><i>CCAM<\/i> : Connected Cooperative and Automated Mobility<\/li>\n<\/ul>\n<\/li>\n<\/ul>\n<p>Depuis d\u00e9cembre 2021, notre Correspondant Europe <strong>Mathieu SARAIVA est membre de la gouvernance du partenariat CCAM<\/strong>. Cette nomination conf\u00e8re \u00e0 FAMN une position strat\u00e9gique pour faire valoir ses int\u00e9r\u00eats en mati\u00e8re de mobilit\u00e9 autonome et connect\u00e9e.<\/p>\n<p><div class=\"suki-oembed\"><blockquote class=\"twitter-tweet\" data-width=\"550\" data-dnt=\"true\"><p lang=\"en\" dir=\"ltr\">CCAM is also pleased to welcome Mathieu Saraiva, from <a href=\"https:\/\/twitter.com\/FRMobilityEU?ref_src=twsrc%5Etfw\">@FRMobilityEU<\/a>, who has been elected as Partnership Delegate for the member category \u201c5.2.5.2. Platform or cluster at national or regional level\u201d. <br><br>\ud83d\udcd6You can read all about it in the following article <a href=\"https:\/\/t.co\/tbGVlQ44UI\">https:\/\/t.co\/tbGVlQ44UI<\/a> <a href=\"https:\/\/t.co\/9CEW4SYU85\">pic.twitter.com\/9CEW4SYU85<\/a><\/p>&mdash; Connected, Cooperative &amp; Automated Mobility (CCAM) (@CCAM_EU) <a href=\"https:\/\/twitter.com\/CCAM_EU\/status\/1471099943402283009?ref_src=twsrc%5Etfw\">December 15, 2021<\/a><\/blockquote><script async src=\"https:\/\/platform.twitter.com\/widgets.js\" charset=\"utf-8\"><\/script><\/div><\/p>\n<p style=\"text-align: center;\">\n<\/p>\t\t\t\t\t\t<\/div>\n\t\t\t\t<\/div>\n\t\t\t\t\t<\/div>\n\t\t<\/div>\n\t\t\t\t\t\t\t<\/div>\n\t\t<\/section>\n\t\t\t\t\t\t\t<\/div>\n\t\t","protected":false},"excerpt":{"rendered":"<p>FAMN a d\u00e9velopp\u00e9 d&rsquo;importantes collaborations europ\u00e9ennes en r\u00e9alisant des projets innovants. Port\u00e9e par la vision du Green Deal &#8211; faire de l&rsquo;Europe le premier continent climatiquement neutre &#8211; notre r\u00e9seau&hellip;<\/p>\n","protected":false},"author":4,"featured_media":0,"parent":0,"menu_order":0,"comment_status":"closed","ping_status":"closed","template":"","meta":{"_monsterinsights_skip_tracking":false,"_monsterinsights_sitenote_active":false,"_monsterinsights_sitenote_note":"","_monsterinsights_sitenote_category":0,"footnotes":""},"class_list":["post-190","page","type-page","status-publish","hentry"],"yoast_head":"<!-- This site is optimized with the Yoast SEO plugin v24.9 - https:\/\/yoast.com\/wordpress\/plugins\/seo\/ -->\n<title>Notre action - French Automotive &amp; Mobility Network<\/title>\n<meta name=\"robots\" content=\"index, follow, max-snippet:-1, max-image-preview:large, max-video-preview:-1\" \/>\n<link rel=\"canonical\" href=\"https:\/\/frenchautomobility.eu\/index.php\/notre-action\/\" \/>\n<meta property=\"og:locale\" content=\"fr_FR\" \/>\n<meta property=\"og:type\" content=\"article\" \/>\n<meta property=\"og:title\" content=\"Notre action - French Automotive &amp; Mobility Network\" \/>\n<meta property=\"og:description\" content=\"FAMN a d\u00e9velopp\u00e9 d&rsquo;importantes collaborations europ\u00e9ennes en r\u00e9alisant des projets innovants. Port\u00e9e par la vision du Green Deal &#8211; faire de l&rsquo;Europe le premier continent climatiquement neutre &#8211; notre r\u00e9seau&hellip;\" \/>\n<meta property=\"og:url\" content=\"https:\/\/frenchautomobility.eu\/index.php\/notre-action\/\" \/>\n<meta property=\"og:site_name\" content=\"French Automotive &amp; Mobility Network\" \/>\n<meta property=\"article:modified_time\" content=\"2023-06-30T11:56:13+00:00\" \/>\n<meta property=\"og:image\" content=\"http:\/\/frenchautomobility.eu\/wp-content\/uploads\/2020\/04\/chiffres-e1640703160211.png\" \/>\n<meta name=\"twitter:card\" content=\"summary_large_image\" \/>\n<meta name=\"twitter:label1\" content=\"Dur\u00e9e de lecture estim\u00e9e\" \/>\n\t<meta name=\"twitter:data1\" content=\"1 minute\" \/>\n<script type=\"application\/ld+json\" class=\"yoast-schema-graph\">{\"@context\":\"https:\/\/schema.org\",\"@graph\":[{\"@type\":\"WebPage\",\"@id\":\"https:\/\/frenchautomobility.eu\/index.php\/notre-action\/\",\"url\":\"https:\/\/frenchautomobility.eu\/index.php\/notre-action\/\",\"name\":\"Notre action - French Automotive &amp; Mobility Network\",\"isPartOf\":{\"@id\":\"https:\/\/frenchautomobility.eu\/#website\"},\"primaryImageOfPage\":{\"@id\":\"https:\/\/frenchautomobility.eu\/index.php\/notre-action\/#primaryimage\"},\"image\":{\"@id\":\"https:\/\/frenchautomobility.eu\/index.php\/notre-action\/#primaryimage\"},\"thumbnailUrl\":\"http:\/\/frenchautomobility.eu\/wp-content\/uploads\/2020\/04\/chiffres-e1640703160211.png\",\"datePublished\":\"2020-05-06T14:59:36+00:00\",\"dateModified\":\"2023-06-30T11:56:13+00:00\",\"breadcrumb\":{\"@id\":\"https:\/\/frenchautomobility.eu\/index.php\/notre-action\/#breadcrumb\"},\"inLanguage\":\"fr-FR\",\"potentialAction\":[{\"@type\":\"ReadAction\",\"target\":[\"https:\/\/frenchautomobility.eu\/index.php\/notre-action\/\"]}]},{\"@type\":\"ImageObject\",\"inLanguage\":\"fr-FR\",\"@id\":\"https:\/\/frenchautomobility.eu\/index.php\/notre-action\/#primaryimage\",\"url\":\"http:\/\/frenchautomobility.eu\/wp-content\/uploads\/2020\/04\/chiffres-e1640703160211.png\",\"contentUrl\":\"http:\/\/frenchautomobility.eu\/wp-content\/uploads\/2020\/04\/chiffres-e1640703160211.png\"},{\"@type\":\"BreadcrumbList\",\"@id\":\"https:\/\/frenchautomobility.eu\/index.php\/notre-action\/#breadcrumb\",\"itemListElement\":[{\"@type\":\"ListItem\",\"position\":1,\"name\":\"Accueil\",\"item\":\"http:\/\/frenchautomobility.eu\/\"},{\"@type\":\"ListItem\",\"position\":2,\"name\":\"Notre action\"}]},{\"@type\":\"WebSite\",\"@id\":\"https:\/\/frenchautomobility.eu\/#website\",\"url\":\"https:\/\/frenchautomobility.eu\/\",\"name\":\"FRENCH MOBILITY\",\"description\":\"\",\"publisher\":{\"@id\":\"https:\/\/frenchautomobility.eu\/#organization\"},\"potentialAction\":[{\"@type\":\"SearchAction\",\"target\":{\"@type\":\"EntryPoint\",\"urlTemplate\":\"https:\/\/frenchautomobility.eu\/?s={search_term_string}\"},\"query-input\":{\"@type\":\"PropertyValueSpecification\",\"valueRequired\":true,\"valueName\":\"search_term_string\"}}],\"inLanguage\":\"fr-FR\"},{\"@type\":\"Organization\",\"@id\":\"https:\/\/frenchautomobility.eu\/#organization\",\"name\":\"French Mobility\",\"url\":\"https:\/\/frenchautomobility.eu\/\",\"logo\":{\"@type\":\"ImageObject\",\"inLanguage\":\"fr-FR\",\"@id\":\"https:\/\/frenchautomobility.eu\/#\/schema\/logo\/image\/\",\"url\":\"http:\/\/frenchmobility.eu\/wp-content\/uploads\/2020\/04\/french-mobility-logo-twitter_V3-003.png\",\"contentUrl\":\"http:\/\/frenchmobility.eu\/wp-content\/uploads\/2020\/04\/french-mobility-logo-twitter_V3-003.png\",\"width\":500,\"height\":500,\"caption\":\"French Mobility\"},\"image\":{\"@id\":\"https:\/\/frenchautomobility.eu\/#\/schema\/logo\/image\/\"},\"sameAs\":[\"https:\/\/twitter.com\/FRMobilityEU\"]}]}<\/script>\n<!-- \/ Yoast SEO plugin. -->","yoast_head_json":{"title":"Notre action - French Automotive &amp; Mobility Network","robots":{"index":"index","follow":"follow","max-snippet":"max-snippet:-1","max-image-preview":"max-image-preview:large","max-video-preview":"max-video-preview:-1"},"canonical":"https:\/\/frenchautomobility.eu\/index.php\/notre-action\/","og_locale":"fr_FR","og_type":"article","og_title":"Notre action - French Automotive &amp; Mobility Network","og_description":"FAMN a d\u00e9velopp\u00e9 d&rsquo;importantes collaborations europ\u00e9ennes en r\u00e9alisant des projets innovants. Port\u00e9e par la vision du Green Deal &#8211; faire de l&rsquo;Europe le premier continent climatiquement neutre &#8211; notre r\u00e9seau&hellip;","og_url":"https:\/\/frenchautomobility.eu\/index.php\/notre-action\/","og_site_name":"French Automotive &amp; Mobility Network","article_modified_time":"2023-06-30T11:56:13+00:00","og_image":[{"url":"http:\/\/frenchautomobility.eu\/wp-content\/uploads\/2020\/04\/chiffres-e1640703160211.png","type":"","width":"","height":""}],"twitter_card":"summary_large_image","twitter_misc":{"Dur\u00e9e de lecture estim\u00e9e":"1 minute"},"schema":{"@context":"https:\/\/schema.org","@graph":[{"@type":"WebPage","@id":"https:\/\/frenchautomobility.eu\/index.php\/notre-action\/","url":"https:\/\/frenchautomobility.eu\/index.php\/notre-action\/","name":"Notre action - French Automotive &amp; Mobility Network","isPartOf":{"@id":"https:\/\/frenchautomobility.eu\/#website"},"primaryImageOfPage":{"@id":"https:\/\/frenchautomobility.eu\/index.php\/notre-action\/#primaryimage"},"image":{"@id":"https:\/\/frenchautomobility.eu\/index.php\/notre-action\/#primaryimage"},"thumbnailUrl":"http:\/\/frenchautomobility.eu\/wp-content\/uploads\/2020\/04\/chiffres-e1640703160211.png","datePublished":"2020-05-06T14:59:36+00:00","dateModified":"2023-06-30T11:56:13+00:00","breadcrumb":{"@id":"https:\/\/frenchautomobility.eu\/index.php\/notre-action\/#breadcrumb"},"inLanguage":"fr-FR","potentialAction":[{"@type":"ReadAction","target":["https:\/\/frenchautomobility.eu\/index.php\/notre-action\/"]}]},{"@type":"ImageObject","inLanguage":"fr-FR","@id":"https:\/\/frenchautomobility.eu\/index.php\/notre-action\/#primaryimage","url":"http:\/\/frenchautomobility.eu\/wp-content\/uploads\/2020\/04\/chiffres-e1640703160211.png","contentUrl":"http:\/\/frenchautomobility.eu\/wp-content\/uploads\/2020\/04\/chiffres-e1640703160211.png"},{"@type":"BreadcrumbList","@id":"https:\/\/frenchautomobility.eu\/index.php\/notre-action\/#breadcrumb","itemListElement":[{"@type":"ListItem","position":1,"name":"Accueil","item":"http:\/\/frenchautomobility.eu\/"},{"@type":"ListItem","position":2,"name":"Notre action"}]},{"@type":"WebSite","@id":"https:\/\/frenchautomobility.eu\/#website","url":"https:\/\/frenchautomobility.eu\/","name":"FRENCH MOBILITY","description":"","publisher":{"@id":"https:\/\/frenchautomobility.eu\/#organization"},"potentialAction":[{"@type":"SearchAction","target":{"@type":"EntryPoint","urlTemplate":"https:\/\/frenchautomobility.eu\/?s={search_term_string}"},"query-input":{"@type":"PropertyValueSpecification","valueRequired":true,"valueName":"search_term_string"}}],"inLanguage":"fr-FR"},{"@type":"Organization","@id":"https:\/\/frenchautomobility.eu\/#organization","name":"French Mobility","url":"https:\/\/frenchautomobility.eu\/","logo":{"@type":"ImageObject","inLanguage":"fr-FR","@id":"https:\/\/frenchautomobility.eu\/#\/schema\/logo\/image\/","url":"http:\/\/frenchmobility.eu\/wp-content\/uploads\/2020\/04\/french-mobility-logo-twitter_V3-003.png","contentUrl":"http:\/\/frenchmobility.eu\/wp-content\/uploads\/2020\/04\/french-mobility-logo-twitter_V3-003.png","width":500,"height":500,"caption":"French Mobility"},"image":{"@id":"https:\/\/frenchautomobility.eu\/#\/schema\/logo\/image\/"},"sameAs":["https:\/\/twitter.com\/FRMobilityEU"]}]}},"_links":{"self":[{"href":"https:\/\/frenchautomobility.eu\/index.php\/wp-json\/wp\/v2\/pages\/190","targetHints":{"allow":["GET"]}}],"collection":[{"href":"https:\/\/frenchautomobility.eu\/index.php\/wp-json\/wp\/v2\/pages"}],"about":[{"href":"https:\/\/frenchautomobility.eu\/index.php\/wp-json\/wp\/v2\/types\/page"}],"author":[{"embeddable":true,"href":"https:\/\/frenchautomobility.eu\/index.php\/wp-json\/wp\/v2\/users\/4"}],"replies":[{"embeddable":true,"href":"https:\/\/frenchautomobility.eu\/index.php\/wp-json\/wp\/v2\/comments?post=190"}],"version-history":[{"count":9,"href":"https:\/\/frenchautomobility.eu\/index.php\/wp-json\/wp\/v2\/pages\/190\/revisions"}],"predecessor-version":[{"id":907,"href":"https:\/\/frenchautomobility.eu\/index.php\/wp-json\/wp\/v2\/pages\/190\/revisions\/907"}],"wp:attachment":[{"href":"https:\/\/frenchautomobility.eu\/index.php\/wp-json\/wp\/v2\/media?parent=190"}],"curies":[{"name":"wp","href":"https:\/\/api.w.org\/{rel}","templated":true}]}}